{"id":342,"date":"2024-01-20T20:44:24","date_gmt":"2024-01-20T20:44:24","guid":{"rendered":"https:\/\/rooftopsantacatarina.com\/about-us\/"},"modified":"2025-11-28T17:09:03","modified_gmt":"2025-11-28T17:09:03","slug":"about-us","status":"publish","type":"page","link":"https:\/\/rooftopsantacatarina.com\/pt\/about-us\/","title":{"rendered":"Sobre N\u00f3s"},"content":{"rendered":"<div data-elementor-type=\"wp-page\" data-elementor-id=\"342\" class=\"elementor elementor-342\" data-elementor-post-type=\"page\">\n\t\t\t\t<div class=\"elementor-element elementor-element-2324b066 e-flex e-con-boxed e-con e-parent\" data-id=\"2324b066\" data-element_type=\"container\" data-e-type=\"container\" data-settings=\"{&quot;background_background&quot;:&quot;classic&quot;}\">\n\t\t\t\t\t<div class=\"e-con-inner\">\n\t\t<div class=\"elementor-element elementor-element-1e9f5c08 e-con-full e-flex e-con e-child\" data-id=\"1e9f5c08\" data-element_type=\"container\" data-e-type=\"container\">\n\t\t\t\t<div class=\"elementor-element elementor-element-2f68939e elementor-widget elementor-widget-image\" data-id=\"2f68939e\" data-element_type=\"widget\" data-e-type=\"widget\" data-widget_type=\"image.default\">\n\t\t\t\t<div class=\"elementor-widget-container\">\n\t\t\t\t\t\t\t\t\t\t\t\t\t\t\t<img loading=\"lazy\" decoding=\"async\" width=\"800\" height=\"1000\" src=\"https:\/\/rooftopsantacatarina.com\/wp-content\/uploads\/2025\/11\/Copia-de-ROOFTOP-SESSAO-64-819x1024.jpg\" class=\"attachment-large size-large wp-image-4594\" alt=\"\" srcset=\"https:\/\/rooftopsantacatarina.com\/wp-content\/uploads\/2025\/11\/Copia-de-ROOFTOP-SESSAO-64-819x1024.jpg 819w, https:\/\/rooftopsantacatarina.com\/wp-content\/uploads\/2025\/11\/Copia-de-ROOFTOP-SESSAO-64-240x300.jpg 240w, https:\/\/rooftopsantacatarina.com\/wp-content\/uploads\/2025\/11\/Copia-de-ROOFTOP-SESSAO-64-768x960.jpg 768w, https:\/\/rooftopsantacatarina.com\/wp-content\/uploads\/2025\/11\/Copia-de-ROOFTOP-SESSAO-64-1229x1536.jpg 1229w, https:\/\/rooftopsantacatarina.com\/wp-content\/uploads\/2025\/11\/Copia-de-ROOFTOP-SESSAO-64-1638x2048.jpg 1638w, https:\/\/rooftopsantacatarina.com\/wp-content\/uploads\/2025\/11\/Copia-de-ROOFTOP-SESSAO-64-10x12.jpg 10w, https:\/\/rooftopsantacatarina.com\/wp-content\/uploads\/2025\/11\/Copia-de-ROOFTOP-SESSAO-64-scaled.jpg 2048w\" sizes=\"(max-width: 800px) 100vw, 800px\" \/>\t\t\t\t\t\t\t\t\t\t\t\t\t\t\t<\/div>\n\t\t\t\t<\/div>\n\t\t\t\t<\/div>\n\t\t<div class=\"elementor-element elementor-element-5a7bc248 e-con-full e-flex e-con e-child\" data-id=\"5a7bc248\" data-element_type=\"container\" data-e-type=\"container\" data-settings=\"{&quot;background_background&quot;:&quot;classic&quot;}\">\n\t\t\t\t<div class=\"elementor-element elementor-element-2b55ccaf elementor-widget elementor-widget-heading\" data-id=\"2b55ccaf\" data-element_type=\"widget\" data-e-type=\"widget\" data-widget_type=\"heading.default\">\n\t\t\t\t<div class=\"elementor-widget-container\">\n\t\t\t\t\t<h2 class=\"elementor-heading-title elementor-size-default\">A Nossa Miss\u00e3o<\/h2>\t\t\t\t<\/div>\n\t\t\t\t<\/div>\n\t\t\t\t<div class=\"elementor-element elementor-element-56333a5 elementor-widget elementor-widget-text-editor\" data-id=\"56333a5\" data-element_type=\"widget\" data-e-type=\"widget\" data-widget_type=\"text-editor.default\">\n\t\t\t\t<div class=\"elementor-widget-container\">\n\t\t\t\t\t\t\t\t\t<p>Criar experi\u00eancias inesquec\u00edveis atrav\u00e9s da nossa gastronomia, mixologia especializada e da rece\u00e7\u00e3o calorosa do nosso rooftop.<\/p>\t\t\t\t\t\t\t\t<\/div>\n\t\t\t\t<\/div>\n\t\t\t\t<div class=\"elementor-element elementor-element-21a4b448 elementor-widget elementor-widget-text-editor\" data-id=\"21a4b448\" data-element_type=\"widget\" data-e-type=\"widget\" data-widget_type=\"text-editor.default\">\n\t\t\t\t<div class=\"elementor-widget-container\">\n\t\t\t\t\t\t\t\t\t<p>Bem-vindo ao Rooftop Santa Catarina, um ref\u00fagio gastron\u00f3mico localizado no cora\u00e7\u00e3o da tradicional zona de pesca da Afurada.<\/p><p>Transportamo-lo \u00e0 ess\u00eancia da riqueza culin\u00e1ria e cultural do Porto. Das vibrantes tradi\u00e7\u00f5es da comunidade piscat\u00f3ria da Afurada aos pratos habilmente selecionados que embelezam o nosso menu, embarque numa viagem de sabores, calor e hospitalidade genu\u00edna.<\/p>\t\t\t\t\t\t\t\t<\/div>\n\t\t\t\t<\/div>\n\t\t\t\t<\/div>\n\t\t\t\t\t<\/div>\n\t\t\t\t<\/div>\n\t\t<div class=\"elementor-element elementor-element-73263832 e-flex e-con-boxed e-con e-parent\" data-id=\"73263832\" data-element_type=\"container\" data-e-type=\"container\" data-settings=\"{&quot;background_background&quot;:&quot;classic&quot;}\">\n\t\t\t\t\t<div class=\"e-con-inner\">\n\t\t<div class=\"elementor-element elementor-element-3bd8d674 e-con-full e-flex e-con e-child\" data-id=\"3bd8d674\" data-element_type=\"container\" data-e-type=\"container\" data-settings=\"{&quot;background_background&quot;:&quot;classic&quot;}\">\n\t\t\t\t<div class=\"elementor-element elementor-element-3d7a64ab elementor-widget elementor-widget-heading\" data-id=\"3d7a64ab\" data-element_type=\"widget\" data-e-type=\"widget\" data-widget_type=\"heading.default\">\n\t\t\t\t<div class=\"elementor-widget-container\">\n\t\t\t\t\t<h2 class=\"elementor-heading-title elementor-size-default\">Porqu\u00ea Escolher-nos<\/h2>\t\t\t\t<\/div>\n\t\t\t\t<\/div>\n\t\t\t\t<div class=\"elementor-element elementor-element-215d5015 elementor-widget elementor-widget-text-editor\" data-id=\"215d5015\" data-element_type=\"widget\" data-e-type=\"widget\" data-widget_type=\"text-editor.default\">\n\t\t\t\t<div class=\"elementor-widget-container\">\n\t\t\t\t\t\t\t\t\t<p>Escolha o Rooftop Santa Catarina para uma aventura gastron\u00f3mica incompar\u00e1vel.&nbsp;<\/p>\t\t\t\t\t\t\t\t<\/div>\n\t\t\t\t<\/div>\n\t\t\t\t<div class=\"elementor-element elementor-element-525e7ba elementor-widget elementor-widget-text-editor\" data-id=\"525e7ba\" data-element_type=\"widget\" data-e-type=\"widget\" data-widget_type=\"text-editor.default\">\n\t\t\t\t<div class=\"elementor-widget-container\">\n\t\t\t\t\t\t\t\t\t<p>O nosso compromisso com a excel\u00eancia \u00e9 evidente em todos os aspetos - desde os peixes e mariscos mais frescos at\u00e9 \u00e0s cria\u00e7\u00f5es art\u00edsticas dos nossos renomados mixologistas.<\/p><p>O ambiente acolhedor do rooftop complementa a nossa dedica\u00e7\u00e3o em proporcionar um espa\u00e7o convidativo e \u00edntimo, onde cada visita se sente como um ref\u00fagio. Al\u00e9m disso, estamos orgulhosos de ser um espa\u00e7o pet-friendly, ent\u00e3o os seus patudos s\u00e3o sempre bem-vindos para participar na experi\u00eancia.<\/p>\t\t\t\t\t\t\t\t<\/div>\n\t\t\t\t<\/div>\n\t\t\t\t<\/div>\n\t\t<div class=\"elementor-element elementor-element-5ffcb2b0 e-con-full e-flex e-con e-child\" data-id=\"5ffcb2b0\" data-element_type=\"container\" data-e-type=\"container\">\n\t\t\t\t<div class=\"elementor-element elementor-element-5c61b75b elementor-widget elementor-widget-image\" data-id=\"5c61b75b\" data-element_type=\"widget\" data-e-type=\"widget\" data-widget_type=\"image.default\">\n\t\t\t\t<div class=\"elementor-widget-container\">\n\t\t\t\t\t\t\t\t\t\t\t\t\t\t\t<img loading=\"lazy\" decoding=\"async\" width=\"800\" height=\"1000\" src=\"https:\/\/rooftopsantacatarina.com\/wp-content\/uploads\/2025\/11\/Copia-de-ROOFTOP-SESSAO-1-2-819x1024.jpg\" class=\"attachment-large size-large wp-image-4589\" alt=\"\" srcset=\"https:\/\/rooftopsantacatarina.com\/wp-content\/uploads\/2025\/11\/Copia-de-ROOFTOP-SESSAO-1-2-819x1024.jpg 819w, https:\/\/rooftopsantacatarina.com\/wp-content\/uploads\/2025\/11\/Copia-de-ROOFTOP-SESSAO-1-2-240x300.jpg 240w, https:\/\/rooftopsantacatarina.com\/wp-content\/uploads\/2025\/11\/Copia-de-ROOFTOP-SESSAO-1-2-768x960.jpg 768w, https:\/\/rooftopsantacatarina.com\/wp-content\/uploads\/2025\/11\/Copia-de-ROOFTOP-SESSAO-1-2-1229x1536.jpg 1229w, https:\/\/rooftopsantacatarina.com\/wp-content\/uploads\/2025\/11\/Copia-de-ROOFTOP-SESSAO-1-2-1638x2048.jpg 1638w, https:\/\/rooftopsantacatarina.com\/wp-content\/uploads\/2025\/11\/Copia-de-ROOFTOP-SESSAO-1-2-10x12.jpg 10w, https:\/\/rooftopsantacatarina.com\/wp-content\/uploads\/2025\/11\/Copia-de-ROOFTOP-SESSAO-1-2-scaled.jpg 2048w\" sizes=\"(max-width: 800px) 100vw, 800px\" \/>\t\t\t\t\t\t\t\t\t\t\t\t\t\t\t<\/div>\n\t\t\t\t<\/div>\n\t\t\t\t<\/div>\n\t\t\t\t\t<\/div>\n\t\t\t\t<\/div>\n\t\t\t\t<\/div>","protected":false},"excerpt":{"rendered":"<p>Our Mission Our mission is to craft unforgettable experiences through distinguished food, expert mixology, and the warm embrace of our cozy rooftop ambiance. Welcome to Rooftop Santa Catarina, a gastronomic retreat located in the heart of the traditional fishing zone of Afurada. We transport you to the essence of Oporto&#8217;s culinary and cultural richness. From [&hellip;]<\/p>\n","protected":false},"author":1,"featured_media":0,"parent":0,"menu_order":0,"comment_status":"closed","ping_status":"closed","template":"","meta":{"footnotes":""},"class_list":["post-342","page","type-page","status-publish","hentry"],"yoast_head":"<!-- This site is optimized with the Yoast SEO plugin v25.6 - https:\/\/yoast.com\/wordpress\/plugins\/seo\/ -->\n<title>About Us - Rooftop Santa Catarina - Restaurant &amp; Bar<\/title>\n<meta name=\"robots\" content=\"index, follow, max-snippet:-1, max-image-preview:large, max-video-preview:-1\" \/>\n<link rel=\"canonical\" href=\"https:\/\/rooftopsantacatarina.com\/pt\/about-us\/\" \/>\n<meta property=\"og:locale\" content=\"pt_PT\" \/>\n<meta property=\"og:type\" content=\"article\" \/>\n<meta property=\"og:title\" content=\"About Us - Rooftop Santa Catarina - Restaurant &amp; Bar\" \/>\n<meta property=\"og:description\" content=\"Our Mission Our mission is to craft unforgettable experiences through distinguished food, expert mixology, and the warm embrace of our cozy rooftop ambiance. Welcome to Rooftop Santa Catarina, a gastronomic retreat located in the heart of the traditional fishing zone of Afurada. We transport you to the essence of Oporto&#8217;s culinary and cultural richness. From [&hellip;]\" \/>\n<meta property=\"og:url\" content=\"https:\/\/rooftopsantacatarina.com\/pt\/about-us\/\" \/>\n<meta property=\"og:site_name\" content=\"Rooftop Santa Catarina - Restaurant &amp; Bar\" \/>\n<meta property=\"article:publisher\" content=\"https:\/\/www.facebook.com\/rooftopsta.catarina\" \/>\n<meta property=\"article:modified_time\" content=\"2025-11-28T17:09:03+00:00\" \/>\n<meta property=\"og:image\" content=\"https:\/\/rooftopsantacatarina.com\/wp-content\/uploads\/2025\/11\/Copia-de-ROOFTOP-SESSAO-64-819x1024.jpg\" \/>\n<meta name=\"twitter:card\" content=\"summary_large_image\" \/>\n<meta name=\"twitter:label1\" content=\"Tempo estimado de leitura\" \/>\n\t<meta name=\"twitter:data1\" content=\"2 minutos\" \/>\n<script type=\"application\/ld+json\" class=\"yoast-schema-graph\">{\"@context\":\"https:\/\/schema.org\",\"@graph\":[{\"@type\":\"WebPage\",\"@id\":\"https:\/\/rooftopsantacatarina.com\/about-us\/\",\"url\":\"https:\/\/rooftopsantacatarina.com\/about-us\/\",\"name\":\"About Us - Rooftop Santa Catarina - Restaurant &amp; Bar\",\"isPartOf\":{\"@id\":\"https:\/\/rooftopsantacatarina.com\/#website\"},\"primaryImageOfPage\":{\"@id\":\"https:\/\/rooftopsantacatarina.com\/about-us\/#primaryimage\"},\"image\":{\"@id\":\"https:\/\/rooftopsantacatarina.com\/about-us\/#primaryimage\"},\"thumbnailUrl\":\"https:\/\/rooftopsantacatarina.com\/wp-content\/uploads\/2025\/11\/Copia-de-ROOFTOP-SESSAO-64-819x1024.jpg\",\"datePublished\":\"2024-01-20T20:44:24+00:00\",\"dateModified\":\"2025-11-28T17:09:03+00:00\",\"breadcrumb\":{\"@id\":\"https:\/\/rooftopsantacatarina.com\/about-us\/#breadcrumb\"},\"inLanguage\":\"pt-PT\",\"potentialAction\":[{\"@type\":\"ReadAction\",\"target\":[\"https:\/\/rooftopsantacatarina.com\/about-us\/\"]}]},{\"@type\":\"ImageObject\",\"inLanguage\":\"pt-PT\",\"@id\":\"https:\/\/rooftopsantacatarina.com\/about-us\/#primaryimage\",\"url\":\"https:\/\/rooftopsantacatarina.com\/wp-content\/uploads\/2025\/11\/Copia-de-ROOFTOP-SESSAO-64-819x1024.jpg\",\"contentUrl\":\"https:\/\/rooftopsantacatarina.com\/wp-content\/uploads\/2025\/11\/Copia-de-ROOFTOP-SESSAO-64-819x1024.jpg\"},{\"@type\":\"BreadcrumbList\",\"@id\":\"https:\/\/rooftopsantacatarina.com\/about-us\/#breadcrumb\",\"itemListElement\":[{\"@type\":\"ListItem\",\"position\":1,\"name\":\"Home\",\"item\":\"https:\/\/rooftopsantacatarina.com\/\"},{\"@type\":\"ListItem\",\"position\":2,\"name\":\"About Us\"}]},{\"@type\":\"WebSite\",\"@id\":\"https:\/\/rooftopsantacatarina.com\/#website\",\"url\":\"https:\/\/rooftopsantacatarina.com\/\",\"name\":\"Rooftop Santa Catarina\",\"description\":\"The Best Rooftop in Oporto City\",\"publisher\":{\"@id\":\"https:\/\/rooftopsantacatarina.com\/#organization\"},\"potentialAction\":[{\"@type\":\"SearchAction\",\"target\":{\"@type\":\"EntryPoint\",\"urlTemplate\":\"https:\/\/rooftopsantacatarina.com\/?s={search_term_string}\"},\"query-input\":{\"@type\":\"PropertyValueSpecification\",\"valueRequired\":true,\"valueName\":\"search_term_string\"}}],\"inLanguage\":\"pt-PT\"},{\"@type\":\"Organization\",\"@id\":\"https:\/\/rooftopsantacatarina.com\/#organization\",\"name\":\"Rooftop Santa Catarina\",\"alternateName\":\"Rooftop Santa Catarina\",\"url\":\"https:\/\/rooftopsantacatarina.com\/\",\"logo\":{\"@type\":\"ImageObject\",\"inLanguage\":\"pt-PT\",\"@id\":\"https:\/\/rooftopsantacatarina.com\/#\/schema\/logo\/image\/\",\"url\":\"https:\/\/rooftopsantacatarina.com\/wp-content\/uploads\/2024\/01\/logoo-e1739476609323.png\",\"contentUrl\":\"https:\/\/rooftopsantacatarina.com\/wp-content\/uploads\/2024\/01\/logoo-e1739476609323.png\",\"width\":5390,\"height\":2012,\"caption\":\"Rooftop Santa Catarina\"},\"image\":{\"@id\":\"https:\/\/rooftopsantacatarina.com\/#\/schema\/logo\/image\/\"},\"sameAs\":[\"https:\/\/www.facebook.com\/rooftopsta.catarina\",\"https:\/\/www.instagram.com\/rooftopsta.catarina\",\"https:\/\/www.tiktok.com\/@rooftop.stacatarina\"]}]}<\/script>\n<!-- \/ Yoast SEO plugin. -->","yoast_head_json":{"title":"About Us - Rooftop Santa Catarina - Restaurant &amp; Bar","robots":{"index":"index","follow":"follow","max-snippet":"max-snippet:-1","max-image-preview":"max-image-preview:large","max-video-preview":"max-video-preview:-1"},"canonical":"https:\/\/rooftopsantacatarina.com\/pt\/about-us\/","og_locale":"pt_PT","og_type":"article","og_title":"About Us - Rooftop Santa Catarina - Restaurant &amp; Bar","og_description":"Our Mission Our mission is to craft unforgettable experiences through distinguished food, expert mixology, and the warm embrace of our cozy rooftop ambiance. Welcome to Rooftop Santa Catarina, a gastronomic retreat located in the heart of the traditional fishing zone of Afurada. We transport you to the essence of Oporto&#8217;s culinary and cultural richness. From [&hellip;]","og_url":"https:\/\/rooftopsantacatarina.com\/pt\/about-us\/","og_site_name":"Rooftop Santa Catarina - Restaurant &amp; Bar","article_publisher":"https:\/\/www.facebook.com\/rooftopsta.catarina","article_modified_time":"2025-11-28T17:09:03+00:00","og_image":[{"url":"https:\/\/rooftopsantacatarina.com\/wp-content\/uploads\/2025\/11\/Copia-de-ROOFTOP-SESSAO-64-819x1024.jpg","type":"","width":"","height":""}],"twitter_card":"summary_large_image","twitter_misc":{"Tempo estimado de leitura":"2 minutos"},"schema":{"@context":"https:\/\/schema.org","@graph":[{"@type":"WebPage","@id":"https:\/\/rooftopsantacatarina.com\/about-us\/","url":"https:\/\/rooftopsantacatarina.com\/about-us\/","name":"About Us - Rooftop Santa Catarina - Restaurant &amp; Bar","isPartOf":{"@id":"https:\/\/rooftopsantacatarina.com\/#website"},"primaryImageOfPage":{"@id":"https:\/\/rooftopsantacatarina.com\/about-us\/#primaryimage"},"image":{"@id":"https:\/\/rooftopsantacatarina.com\/about-us\/#primaryimage"},"thumbnailUrl":"https:\/\/rooftopsantacatarina.com\/wp-content\/uploads\/2025\/11\/Copia-de-ROOFTOP-SESSAO-64-819x1024.jpg","datePublished":"2024-01-20T20:44:24+00:00","dateModified":"2025-11-28T17:09:03+00:00","breadcrumb":{"@id":"https:\/\/rooftopsantacatarina.com\/about-us\/#breadcrumb"},"inLanguage":"pt-PT","potentialAction":[{"@type":"ReadAction","target":["https:\/\/rooftopsantacatarina.com\/about-us\/"]}]},{"@type":"ImageObject","inLanguage":"pt-PT","@id":"https:\/\/rooftopsantacatarina.com\/about-us\/#primaryimage","url":"https:\/\/rooftopsantacatarina.com\/wp-content\/uploads\/2025\/11\/Copia-de-ROOFTOP-SESSAO-64-819x1024.jpg","contentUrl":"https:\/\/rooftopsantacatarina.com\/wp-content\/uploads\/2025\/11\/Copia-de-ROOFTOP-SESSAO-64-819x1024.jpg"},{"@type":"BreadcrumbList","@id":"https:\/\/rooftopsantacatarina.com\/about-us\/#breadcrumb","itemListElement":[{"@type":"ListItem","position":1,"name":"Home","item":"https:\/\/rooftopsantacatarina.com\/"},{"@type":"ListItem","position":2,"name":"About Us"}]},{"@type":"WebSite","@id":"https:\/\/rooftopsantacatarina.com\/#website","url":"https:\/\/rooftopsantacatarina.com\/","name":"Rooftop Santa Catarina","description":"The Best Rooftop in Oporto City","publisher":{"@id":"https:\/\/rooftopsantacatarina.com\/#organization"},"potentialAction":[{"@type":"SearchAction","target":{"@type":"EntryPoint","urlTemplate":"https:\/\/rooftopsantacatarina.com\/?s={search_term_string}"},"query-input":{"@type":"PropertyValueSpecification","valueRequired":true,"valueName":"search_term_string"}}],"inLanguage":"pt-PT"},{"@type":"Organization","@id":"https:\/\/rooftopsantacatarina.com\/#organization","name":"Rooftop Santa Catarina","alternateName":"Rooftop Santa Catarina","url":"https:\/\/rooftopsantacatarina.com\/","logo":{"@type":"ImageObject","inLanguage":"pt-PT","@id":"https:\/\/rooftopsantacatarina.com\/#\/schema\/logo\/image\/","url":"https:\/\/rooftopsantacatarina.com\/wp-content\/uploads\/2024\/01\/logoo-e1739476609323.png","contentUrl":"https:\/\/rooftopsantacatarina.com\/wp-content\/uploads\/2024\/01\/logoo-e1739476609323.png","width":5390,"height":2012,"caption":"Rooftop Santa Catarina"},"image":{"@id":"https:\/\/rooftopsantacatarina.com\/#\/schema\/logo\/image\/"},"sameAs":["https:\/\/www.facebook.com\/rooftopsta.catarina","https:\/\/www.instagram.com\/rooftopsta.catarina","https:\/\/www.tiktok.com\/@rooftop.stacatarina"]}]}},"_links":{"self":[{"href":"https:\/\/rooftopsantacatarina.com\/pt\/wp-json\/wp\/v2\/pages\/342"}],"collection":[{"href":"https:\/\/rooftopsantacatarina.com\/pt\/wp-json\/wp\/v2\/pages"}],"about":[{"href":"https:\/\/rooftopsantacatarina.com\/pt\/wp-json\/wp\/v2\/types\/page"}],"author":[{"embeddable":true,"href":"https:\/\/rooftopsantacatarina.com\/pt\/wp-json\/wp\/v2\/users\/1"}],"replies":[{"embeddable":true,"href":"https:\/\/rooftopsantacatarina.com\/pt\/wp-json\/wp\/v2\/comments?post=342"}],"version-history":[{"count":25,"href":"https:\/\/rooftopsantacatarina.com\/pt\/wp-json\/wp\/v2\/pages\/342\/revisions"}],"predecessor-version":[{"id":4607,"href":"https:\/\/rooftopsantacatarina.com\/pt\/wp-json\/wp\/v2\/pages\/342\/revisions\/4607"}],"wp:attachment":[{"href":"https:\/\/rooftopsantacatarina.com\/pt\/wp-json\/wp\/v2\/media?parent=342"}],"curies":[{"name":"wp","href":"https:\/\/api.w.org\/{rel}","templated":true}]}}